{"id":878,"date":"2024-06-01T21:22:23","date_gmt":"2024-06-01T19:22:23","guid":{"rendered":"https:\/\/fonadev.com\/?post_type=product&#038;p=878"},"modified":"2025-12-22T12:11:50","modified_gmt":"2025-12-22T06:11:50","slug":"monitoracer","status":"publish","type":"product","link":"https:\/\/fonadev.com\/?product=monitoracer","title":{"rendered":"Monitor Acer SB270 27 pulgadas IPS Full HD"},"content":{"rendered":"<p>Sobre este art\u00edculo<br \/>\nIm\u00e1genes incre\u00edbles: El monitor IPS Acer SB270 G0bi de 27&#8243; con resoluci\u00f3n Full HD de 1920 x 1080 en una relaci\u00f3n de aspecto de 16:9 presenta im\u00e1genes impresionantes y de alta calidad con excelentes detalles. El dise\u00f1o de marco cero proporciona la m\u00e1xima visibilidad de la pantalla de borde a borde.<br \/>\nCompatibilidad con sincronizaci\u00f3n adaptativa: obtenga frecuencias de actualizaci\u00f3n r\u00e1pidas gracias al producto Adaptive-Sync Support (compatible con FreeSync), que coincide con la frecuencia de actualizaci\u00f3n de su monitor con su tarjeta gr\u00e1fica. El resultado es una experiencia suave y sin desgarros en aplicaciones de juegos y reproducci\u00f3n de video.<br \/>\nResponsive!! : El tiempo de respuesta r\u00e1pido de 1ms mejora la experiencia. No importa la acci\u00f3n de movimiento r\u00e1pido o cualquier transici\u00f3n dram\u00e1tica se renderizar\u00e1 sin problemas sin los molestos efectos de manchas o fantasmas. Con una frecuencia de actualizaci\u00f3n de hasta 120 Hz acelera los fotogramas por segundo para ofrecer escenas de movimiento 2D suaves.<br \/>\nMonitor IPS de pantalla ancha Full HD (1920 x 1080) de 27 pulgadas | Soporte de sincronizaci\u00f3n adaptativa (compatible con FreeSync)<br \/>\nFrecuencia de actualizaci\u00f3n: hasta 120 Hz | Tiempo de respuesta: 1 ms VRB | Brillo: 250 nits | Paso de p\u00edxeles: 0.011 in<br \/>\nInclinaci\u00f3n ergon\u00f3mica: -5\u00b0 a 15\u00b0<br \/>\nPuertos: 1 x HDMI 1.4 y 1 x VGA (cable HDMI incluido)<\/p>\n","protected":false},"excerpt":{"rendered":"<p>Monitor Acer SB270 27 pulgadas IPS Full HD<\/p>\n","protected":false},"featured_media":1646,"comment_status":"open","ping_status":"closed","template":"","meta":[],"product_brand":[],"product_cat":[98],"product_tag":[38],"class_list":{"0":"post-878","1":"product","2":"type-product","3":"status-publish","4":"has-post-thumbnail","6":"product_cat-monitores-full-hd","7":"product_tag-ofiice","9":"first","10":"instock","11":"virtual","12":"taxable","13":"purchasable","14":"product-type-simple"},"_links":{"self":[{"href":"https:\/\/fonadev.com\/index.php?rest_route=\/wp\/v2\/product\/878","targetHints":{"allow":["GET"]}}],"collection":[{"href":"https:\/\/fonadev.com\/index.php?rest_route=\/wp\/v2\/product"}],"about":[{"href":"https:\/\/fonadev.com\/index.php?rest_route=\/wp\/v2\/types\/product"}],"replies":[{"embeddable":true,"href":"https:\/\/fonadev.com\/index.php?rest_route=%2Fwp%2Fv2%2Fcomments&post=878"}],"version-history":[{"count":5,"href":"https:\/\/fonadev.com\/index.php?rest_route=\/wp\/v2\/product\/878\/revisions"}],"predecessor-version":[{"id":1656,"href":"https:\/\/fonadev.com\/index.php?rest_route=\/wp\/v2\/product\/878\/revisions\/1656"}],"wp:featuredmedia":[{"embeddable":true,"href":"https:\/\/fonadev.com\/index.php?rest_route=\/wp\/v2\/media\/1646"}],"wp:attachment":[{"href":"https:\/\/fonadev.com\/index.php?rest_route=%2Fwp%2Fv2%2Fmedia&parent=878"}],"wp:term":[{"taxonomy":"product_brand","embeddable":true,"href":"https:\/\/fonadev.com\/index.php?rest_route=%2Fwp%2Fv2%2Fproduct_brand&post=878"},{"taxonomy":"product_cat","embeddable":true,"href":"https:\/\/fonadev.com\/index.php?rest_route=%2Fwp%2Fv2%2Fproduct_cat&post=878"},{"taxonomy":"product_tag","embeddable":true,"href":"https:\/\/fonadev.com\/index.php?rest_route=%2Fwp%2Fv2%2Fproduct_tag&post=878"}],"curies":[{"name":"wp","href":"https:\/\/api.w.org\/{rel}","templated":true}]}}