{"id":3004,"date":"2026-02-03T10:45:51","date_gmt":"2026-02-03T04:45:51","guid":{"rendered":"https:\/\/fonadev.com\/?post_type=product&#038;p=3004"},"modified":"2026-04-09T10:50:47","modified_gmt":"2026-04-09T04:50:47","slug":"licencias-de-windows-11-pro","status":"publish","type":"product","link":"https:\/\/fonadev.com\/?product=licencias-de-windows-11-pro","title":{"rendered":"Licencias de Windows 11 PRO"},"content":{"rendered":"<h1 data-start=\"140\" data-end=\"182\">\ud83e\ude9f Descripci\u00f3n \u2014 Licencia Windows 11 Pro<\/h1>\n<p data-start=\"184\" data-end=\"557\">Windows 11 Pro es el sistema operativo profesional de Microsoft dise\u00f1ado para usuarios avanzados, negocios y entornos empresariales que necesitan mayor seguridad, control y herramientas de administraci\u00f3n. Incluye todas las funciones de Windows 11 Home y agrega caracter\u00edsticas avanzadas como cifrado de datos, acceso remoto, virtualizaci\u00f3n y administraci\u00f3n de dispositivos.<\/p>\n<p data-start=\"559\" data-end=\"743\">Ofrece una interfaz moderna, optimizada para productividad y multitarea, con herramientas como Snap Layouts, Widgets, Microsoft Store renovada y actualizaciones de seguridad continuas.<\/p>\n<p data-start=\"745\" data-end=\"960\">Windows 11 Pro permite trabajar de forma segura gracias a tecnolog\u00edas avanzadas de protecci\u00f3n de datos y autenticaci\u00f3n, adem\u00e1s de ofrecer compatibilidad con redes empresariales y herramientas de gesti\u00f3n profesional.<\/p>\n<hr data-start=\"962\" data-end=\"965\" \/>\n<h1 data-start=\"967\" data-end=\"998\">\u2b50 Caracter\u00edsticas principales<\/h1>\n<p data-start=\"999\" data-end=\"1191\">\u2714 Interfaz moderna y optimizada para productividad<br data-start=\"1049\" data-end=\"1052\" \/>\u2714 Actualizaciones de seguridad autom\u00e1ticas<br data-start=\"1094\" data-end=\"1097\" \/>\u2714 Compatibilidad con software empresarial y profesional<br data-start=\"1152\" data-end=\"1155\" \/>\u2714 Soporte para multitarea avanzada<\/p>\n<hr data-start=\"1193\" data-end=\"1196\" \/>\n<h1 data-start=\"1198\" data-end=\"1241\">\ud83d\udd10 Funciones exclusivas de Windows 11 Pro<\/h1>\n<ul data-start=\"1242\" data-end=\"1597\">\n<li data-start=\"1242\" data-end=\"1308\">\n<p data-start=\"1244\" data-end=\"1308\"><strong data-start=\"1244\" data-end=\"1257\">BitLocker<\/strong> \u2192 Cifrado completo del disco para proteger datos<\/p>\n<\/li>\n<li data-start=\"1309\" data-end=\"1375\">\n<p data-start=\"1311\" data-end=\"1375\"><strong data-start=\"1311\" data-end=\"1339\">Escritorio Remoto (Host)<\/strong> \u2192 Acceso a tu PC desde otro lugar<\/p>\n<\/li>\n<li data-start=\"1376\" data-end=\"1418\">\n<p data-start=\"1378\" data-end=\"1418\"><strong data-start=\"1378\" data-end=\"1389\">Hyper-V<\/strong> \u2192 Crear m\u00e1quinas virtuales<\/p>\n<\/li>\n<li data-start=\"1419\" data-end=\"1480\">\n<p data-start=\"1421\" data-end=\"1480\"><strong data-start=\"1421\" data-end=\"1440\">Windows Sandbox<\/strong> \u2192 Probar programas en entorno aislado<\/p>\n<\/li>\n<li data-start=\"1481\" data-end=\"1532\">\n<p data-start=\"1483\" data-end=\"1532\"><strong data-start=\"1483\" data-end=\"1499\">Group Policy<\/strong> \u2192 Control avanzado del sistema<\/p>\n<\/li>\n<li data-start=\"1533\" data-end=\"1597\">\n<p data-start=\"1535\" data-end=\"1597\"><strong data-start=\"1535\" data-end=\"1557\">Dominio \/ Azure AD<\/strong> \u2192 Integraci\u00f3n con redes empresariales<\/p>\n<\/li>\n<\/ul>\n<p data-start=\"1599\" data-end=\"1754\">Estas funciones hacen que la versi\u00f3n Pro est\u00e9 orientada a negocios, t\u00e9cnicos, desarrolladores y usuarios avanzado<\/p>\n","protected":false},"excerpt":{"rendered":"<p>Licencia para activaci\u00f3n de sistema operativo Windows 11 pro original<\/p>\n","protected":false},"featured_media":3005,"comment_status":"open","ping_status":"closed","template":"","meta":[],"product_brand":[142],"product_cat":[141],"product_tag":[145,144,143],"class_list":{"0":"post-3004","1":"product","2":"type-product","3":"status-publish","4":"has-post-thumbnail","6":"product_brand-microsoft","7":"product_cat-licencias-de-software","8":"product_tag-activacion","9":"product_tag-licencia","10":"product_tag-windows","12":"first","13":"instock","14":"virtual","15":"taxable","16":"purchasable","17":"product-type-simple"},"_links":{"self":[{"href":"https:\/\/fonadev.com\/index.php?rest_route=\/wp\/v2\/product\/3004","targetHints":{"allow":["GET"]}}],"collection":[{"href":"https:\/\/fonadev.com\/index.php?rest_route=\/wp\/v2\/product"}],"about":[{"href":"https:\/\/fonadev.com\/index.php?rest_route=\/wp\/v2\/types\/product"}],"replies":[{"embeddable":true,"href":"https:\/\/fonadev.com\/index.php?rest_route=%2Fwp%2Fv2%2Fcomments&post=3004"}],"version-history":[{"count":1,"href":"https:\/\/fonadev.com\/index.php?rest_route=\/wp\/v2\/product\/3004\/revisions"}],"predecessor-version":[{"id":3006,"href":"https:\/\/fonadev.com\/index.php?rest_route=\/wp\/v2\/product\/3004\/revisions\/3006"}],"wp:featuredmedia":[{"embeddable":true,"href":"https:\/\/fonadev.com\/index.php?rest_route=\/wp\/v2\/media\/3005"}],"wp:attachment":[{"href":"https:\/\/fonadev.com\/index.php?rest_route=%2Fwp%2Fv2%2Fmedia&parent=3004"}],"wp:term":[{"taxonomy":"product_brand","embeddable":true,"href":"https:\/\/fonadev.com\/index.php?rest_route=%2Fwp%2Fv2%2Fproduct_brand&post=3004"},{"taxonomy":"product_cat","embeddable":true,"href":"https:\/\/fonadev.com\/index.php?rest_route=%2Fwp%2Fv2%2Fproduct_cat&post=3004"},{"taxonomy":"product_tag","embeddable":true,"href":"https:\/\/fonadev.com\/index.php?rest_route=%2Fwp%2Fv2%2Fproduct_tag&post=3004"}],"curies":[{"name":"wp","href":"https:\/\/api.w.org\/{rel}","templated":true}]}}