{"id":2487,"date":"2025-10-16T10:29:45","date_gmt":"2025-10-16T04:29:45","guid":{"rendered":"https:\/\/fonadev.com\/?product=teclado-mecanico-inalambrico-ultradelgado-magic-refiner"},"modified":"2025-10-19T08:59:40","modified_gmt":"2025-10-19T02:59:40","slug":"teclado-mecanico-inalambrico-ultradelgado-magic-refiner","status":"publish","type":"product","link":"https:\/\/fonadev.com\/?product=teclado-mecanico-inalambrico-ultradelgado-magic-refiner","title":{"rendered":"Teclado mec\u00e1nico inal\u00e1mbrico ultradelgado MAGIC-REFINER"},"content":{"rendered":"<table class=\"w-fit min-w-(--thread-content-width)\" data-start=\"539\" data-end=\"2253\">\n<thead data-start=\"539\" data-end=\"643\">\n<tr data-start=\"539\" data-end=\"643\">\n<th data-start=\"539\" data-end=\"568\" data-col-size=\"sm\">Caracter\u00edstica<\/th>\n<th data-start=\"568\" data-end=\"643\" data-col-size=\"md\">Detalle<\/th>\n<\/tr>\n<\/thead>\n<tbody data-start=\"749\" data-end=\"2253\">\n<tr data-start=\"749\" data-end=\"853\">\n<td data-start=\"749\" data-end=\"778\" data-col-size=\"sm\"><strong data-start=\"751\" data-end=\"760\">Marca<\/strong><\/td>\n<td data-col-size=\"md\" data-start=\"778\" data-end=\"853\">MAGIC-REFINER<\/td>\n<\/tr>\n<tr data-start=\"854\" data-end=\"958\">\n<td data-start=\"854\" data-end=\"883\" data-col-size=\"sm\"><strong data-start=\"856\" data-end=\"866\">Modelo<\/strong><\/td>\n<td data-col-size=\"md\" data-start=\"883\" data-end=\"958\">RK68<\/td>\n<\/tr>\n<tr data-start=\"959\" data-end=\"1063\">\n<td data-start=\"959\" data-end=\"988\" data-col-size=\"sm\"><strong data-start=\"961\" data-end=\"980\">Tipo de teclado<\/strong><\/td>\n<td data-col-size=\"md\" data-start=\"988\" data-end=\"1063\">Mec\u00e1nico ultradelgado 60\u202f% (68 teclas)<\/td>\n<\/tr>\n<tr data-start=\"1064\" data-end=\"1168\">\n<td data-start=\"1064\" data-end=\"1093\" data-col-size=\"sm\"><strong data-start=\"1066\" data-end=\"1082\">Conectividad<\/strong><\/td>\n<td data-col-size=\"md\" data-start=\"1093\" data-end=\"1168\">Dual: 2.4GHz (USB-C) y Bluetooth 5.0<\/td>\n<\/tr>\n<tr data-start=\"1169\" data-end=\"1274\">\n<td data-start=\"1169\" data-end=\"1199\" data-col-size=\"sm\"><strong data-start=\"1171\" data-end=\"1199\">Interruptores (switches)<\/strong><\/td>\n<td data-col-size=\"md\" data-start=\"1199\" data-end=\"1274\">Rojo lineal intercambiables (hot swappable)<\/td>\n<\/tr>\n<tr data-start=\"1275\" data-end=\"1379\">\n<td data-start=\"1275\" data-end=\"1304\" data-col-size=\"sm\"><strong data-start=\"1277\" data-end=\"1288\">Keycaps<\/strong><\/td>\n<td data-col-size=\"md\" data-start=\"1304\" data-end=\"1379\">Suspensi\u00f3n de doble inyecci\u00f3n, resistentes al desgaste y al aceite<\/td>\n<\/tr>\n<tr data-start=\"1380\" data-end=\"1484\">\n<td data-start=\"1380\" data-end=\"1409\" data-col-size=\"sm\"><strong data-start=\"1382\" data-end=\"1393\">Carcasa<\/strong><\/td>\n<td data-col-size=\"md\" data-start=\"1409\" data-end=\"1484\">Pl\u00e1stico ABS de alta resistencia<\/td>\n<\/tr>\n<tr data-start=\"1485\" data-end=\"1589\">\n<td data-start=\"1485\" data-end=\"1514\" data-col-size=\"sm\"><strong data-start=\"1487\" data-end=\"1502\">Iluminaci\u00f3n<\/strong><\/td>\n<td data-col-size=\"md\" data-start=\"1514\" data-end=\"1589\">RGB con m\u00faltiples efectos personalizables<\/td>\n<\/tr>\n<tr data-start=\"1590\" data-end=\"1695\">\n<td data-start=\"1590\" data-end=\"1619\" data-col-size=\"sm\"><strong data-start=\"1592\" data-end=\"1608\">Antighosting<\/strong><\/td>\n<td data-col-size=\"md\" data-start=\"1619\" data-end=\"1695\">N-Key Rollover completo<\/td>\n<\/tr>\n<tr data-start=\"1696\" data-end=\"1799\">\n<td data-start=\"1696\" data-end=\"1725\" data-col-size=\"sm\"><strong data-start=\"1698\" data-end=\"1713\">Dimensiones<\/strong><\/td>\n<td data-col-size=\"md\" data-start=\"1725\" data-end=\"1799\">Aproximadamente 12.3 \u00d7 4 \u00d7 1.7 pulgadas<\/td>\n<\/tr>\n<tr data-start=\"1800\" data-end=\"1904\">\n<td data-start=\"1800\" data-end=\"1829\" data-col-size=\"sm\"><strong data-start=\"1802\" data-end=\"1810\">Peso<\/strong><\/td>\n<td data-col-size=\"md\" data-start=\"1829\" data-end=\"1904\">Aproximadamente 0.85 kg<\/td>\n<\/tr>\n<tr data-start=\"1905\" data-end=\"2009\">\n<td data-start=\"1905\" data-end=\"1934\" data-col-size=\"sm\"><strong data-start=\"1907\" data-end=\"1918\">Bater\u00eda<\/strong><\/td>\n<td data-col-size=\"md\" data-start=\"1934\" data-end=\"2009\">Funciona con 2 pilas AAA (no incluidas); hasta 6 meses de uso continuo<\/td>\n<\/tr>\n<tr data-start=\"2010\" data-end=\"2114\">\n<td data-start=\"2010\" data-end=\"2039\" data-col-size=\"sm\"><strong data-start=\"2012\" data-end=\"2030\">Compatibilidad<\/strong><\/td>\n<td data-col-size=\"md\" data-start=\"2039\" data-end=\"2114\">Windows XP\/7\/8\/10\/11, macOS, Android, PS4, Xbox One<\/td>\n<\/tr>\n<tr data-start=\"2115\" data-end=\"2253\">\n<td data-start=\"2115\" data-end=\"2149\" data-col-size=\"sm\"><strong data-start=\"2117\" data-end=\"2148\">Caracter\u00edsticas adicionales<\/strong><\/td>\n<td data-col-size=\"md\" data-start=\"2149\" data-end=\"2253\">Modo de suspensi\u00f3n inteligente, sin necesidad de controladores, conmutaci\u00f3n f\u00e1cil entre dispositivos<\/td>\n<\/tr>\n<\/tbody>\n<\/table>\n","protected":false},"excerpt":{"rendered":"<p>Teclado mec\u00e1nico ultradelgado MAGIC-REFINER RK68 con dise\u00f1o compacto del 60\u202f% (68 teclas), retroiluminaci\u00f3n RGB, conexi\u00f3n dual 2.4GHz y Bluetooth 5.0, interruptores rojos lineales intercambiables, y bater\u00eda de larga duraci\u00f3n. Ideal para gamers y profesionales que buscan portabilidad y rendimiento.<\/p>\n","protected":false},"featured_media":2406,"comment_status":"open","ping_status":"closed","template":"","meta":[],"product_brand":[114],"product_cat":[81,92],"product_tag":[115,66,67,112],"class_list":{"0":"post-2487","1":"product","2":"type-product","3":"status-publish","4":"has-post-thumbnail","6":"product_brand-magic-refiner","7":"product_cat-perifericos","8":"product_cat-teclados","9":"product_tag-bluetooth","10":"product_tag-gamer","11":"product_tag-teclado","12":"product_tag-teclado-mecanico","14":"first","15":"instock","16":"taxable","17":"shipping-taxable","18":"purchasable","19":"product-type-simple"},"_links":{"self":[{"href":"https:\/\/fonadev.com\/index.php?rest_route=\/wp\/v2\/product\/2487","targetHints":{"allow":["GET"]}}],"collection":[{"href":"https:\/\/fonadev.com\/index.php?rest_route=\/wp\/v2\/product"}],"about":[{"href":"https:\/\/fonadev.com\/index.php?rest_route=\/wp\/v2\/types\/product"}],"replies":[{"embeddable":true,"href":"https:\/\/fonadev.com\/index.php?rest_route=%2Fwp%2Fv2%2Fcomments&post=2487"}],"version-history":[{"count":2,"href":"https:\/\/fonadev.com\/index.php?rest_route=\/wp\/v2\/product\/2487\/revisions"}],"predecessor-version":[{"id":2593,"href":"https:\/\/fonadev.com\/index.php?rest_route=\/wp\/v2\/product\/2487\/revisions\/2593"}],"wp:featuredmedia":[{"embeddable":true,"href":"https:\/\/fonadev.com\/index.php?rest_route=\/wp\/v2\/media\/2406"}],"wp:attachment":[{"href":"https:\/\/fonadev.com\/index.php?rest_route=%2Fwp%2Fv2%2Fmedia&parent=2487"}],"wp:term":[{"taxonomy":"product_brand","embeddable":true,"href":"https:\/\/fonadev.com\/index.php?rest_route=%2Fwp%2Fv2%2Fproduct_brand&post=2487"},{"taxonomy":"product_cat","embeddable":true,"href":"https:\/\/fonadev.com\/index.php?rest_route=%2Fwp%2Fv2%2Fproduct_cat&post=2487"},{"taxonomy":"product_tag","embeddable":true,"href":"https:\/\/fonadev.com\/index.php?rest_route=%2Fwp%2Fv2%2Fproduct_tag&post=2487"}],"curies":[{"name":"wp","href":"https:\/\/api.w.org\/{rel}","templated":true}]}}