{"id":2484,"date":"2025-10-16T10:29:45","date_gmt":"2025-10-16T04:29:45","guid":{"rendered":"https:\/\/fonadev.com\/?product=teclado-mecanico-ajazz-nkl61"},"modified":"2025-10-19T02:41:38","modified_gmt":"2025-10-18T20:41:38","slug":"teclado-mecanico-ajazz-nkl61","status":"publish","type":"product","link":"https:\/\/fonadev.com\/?product=teclado-mecanico-ajazz-nkl61","title":{"rendered":"Teclado Mec\u00e1nico AJAZZ NKL61"},"content":{"rendered":"<div class=\"_tableContainer_1rjym_1\">\n<div class=\"group _tableWrapper_1rjym_13 flex w-fit flex-col-reverse\" tabindex=\"-1\">\n<table class=\"w-fit min-w-(--thread-content-width)\" data-start=\"224\" data-end=\"2111\">\n<thead data-start=\"224\" data-end=\"328\">\n<tr data-start=\"224\" data-end=\"328\">\n<th data-start=\"224\" data-end=\"253\" data-col-size=\"sm\">Caracter\u00edstica<\/th>\n<th data-start=\"253\" data-end=\"328\" data-col-size=\"md\">Detalle<\/th>\n<\/tr>\n<\/thead>\n<tbody data-start=\"434\" data-end=\"2111\">\n<tr data-start=\"434\" data-end=\"537\">\n<td data-start=\"434\" data-end=\"463\" data-col-size=\"sm\"><strong data-start=\"436\" data-end=\"445\">Marca<\/strong><\/td>\n<td data-col-size=\"md\" data-start=\"463\" data-end=\"537\">AJAZZ<\/td>\n<\/tr>\n<tr data-start=\"538\" data-end=\"641\">\n<td data-start=\"538\" data-end=\"567\" data-col-size=\"sm\"><strong data-start=\"540\" data-end=\"550\">Modelo<\/strong><\/td>\n<td data-col-size=\"md\" data-start=\"567\" data-end=\"641\">NKL61<\/td>\n<\/tr>\n<tr data-start=\"642\" data-end=\"746\">\n<td data-start=\"642\" data-end=\"671\" data-col-size=\"sm\"><strong data-start=\"644\" data-end=\"663\">Tipo de teclado<\/strong><\/td>\n<td data-col-size=\"md\" data-start=\"671\" data-end=\"746\">Mec\u00e1nico compacto 60 % (61 teclas)<\/td>\n<\/tr>\n<tr data-start=\"747\" data-end=\"851\">\n<td data-start=\"747\" data-end=\"776\" data-col-size=\"sm\"><strong data-start=\"749\" data-end=\"765\">Conectividad<\/strong><\/td>\n<td data-col-size=\"md\" data-start=\"776\" data-end=\"851\">Cableado por USB tipo C (Plug &amp; Play)<\/td>\n<\/tr>\n<tr data-start=\"852\" data-end=\"956\">\n<td data-start=\"852\" data-end=\"881\" data-col-size=\"sm\"><strong data-start=\"854\" data-end=\"872\">Tipo de switch<\/strong><\/td>\n<td data-col-size=\"md\" data-start=\"881\" data-end=\"956\">Red switch (lineal, silencioso y de respuesta r\u00e1pida)<\/td>\n<\/tr>\n<tr data-start=\"957\" data-end=\"1061\">\n<td data-start=\"957\" data-end=\"986\" data-col-size=\"sm\"><strong data-start=\"959\" data-end=\"970\">Keycaps<\/strong><\/td>\n<td data-col-size=\"md\" data-start=\"986\" data-end=\"1061\">Material ABS, perfil bajo (flat keycaps)<\/td>\n<\/tr>\n<tr data-start=\"1062\" data-end=\"1166\">\n<td data-start=\"1062\" data-end=\"1091\" data-col-size=\"sm\"><strong data-start=\"1064\" data-end=\"1075\">Carcasa<\/strong><\/td>\n<td data-col-size=\"md\" data-start=\"1091\" data-end=\"1166\">Pl\u00e1stico ABS de alta resistencia<\/td>\n<\/tr>\n<tr data-start=\"1167\" data-end=\"1271\">\n<td data-start=\"1167\" data-end=\"1196\" data-col-size=\"sm\"><strong data-start=\"1169\" data-end=\"1184\">Iluminaci\u00f3n<\/strong><\/td>\n<td data-col-size=\"md\" data-start=\"1196\" data-end=\"1271\">LED blanca o sin iluminaci\u00f3n (seg\u00fan versi\u00f3n)<\/td>\n<\/tr>\n<tr data-start=\"1272\" data-end=\"1376\">\n<td data-start=\"1272\" data-end=\"1301\" data-col-size=\"sm\"><strong data-start=\"1274\" data-end=\"1292\">Compatibilidad<\/strong><\/td>\n<td data-col-size=\"md\" data-start=\"1301\" data-end=\"1376\">Windows, macOS y Android<\/td>\n<\/tr>\n<tr data-start=\"1377\" data-end=\"1481\">\n<td data-start=\"1377\" data-end=\"1406\" data-col-size=\"sm\"><strong data-start=\"1379\" data-end=\"1394\">Dimensiones<\/strong><\/td>\n<td data-col-size=\"md\" data-start=\"1406\" data-end=\"1481\">303 \u00d7 112 \u00d7 25 mm<\/td>\n<\/tr>\n<tr data-start=\"1482\" data-end=\"1586\">\n<td data-start=\"1482\" data-end=\"1511\" data-col-size=\"sm\"><strong data-start=\"1484\" data-end=\"1492\">Peso<\/strong><\/td>\n<td data-col-size=\"md\" data-start=\"1511\" data-end=\"1586\">330 g aproximadamente<\/td>\n<\/tr>\n<tr data-start=\"1587\" data-end=\"1691\">\n<td data-start=\"1587\" data-end=\"1616\" data-col-size=\"sm\"><strong data-start=\"1589\" data-end=\"1609\">Color disponible<\/strong><\/td>\n<td data-col-size=\"md\" data-start=\"1616\" data-end=\"1691\">Negro con detalles naranjas \/ Blanco con detalles p\u00farpura<\/td>\n<\/tr>\n<tr data-start=\"1692\" data-end=\"1796\">\n<td data-start=\"1692\" data-end=\"1721\" data-col-size=\"sm\"><strong data-start=\"1694\" data-end=\"1703\">Cable<\/strong><\/td>\n<td data-col-size=\"md\" data-start=\"1721\" data-end=\"1796\">Desmontable USB-C a USB-A<\/td>\n<\/tr>\n<tr data-start=\"1797\" data-end=\"1901\">\n<td data-start=\"1797\" data-end=\"1826\" data-col-size=\"sm\"><strong data-start=\"1799\" data-end=\"1814\">Durabilidad<\/strong><\/td>\n<td data-col-size=\"md\" data-start=\"1826\" data-end=\"1901\">Hasta 50 millones de pulsaciones por tecla<\/td>\n<\/tr>\n<tr data-start=\"1902\" data-end=\"2006\">\n<td data-start=\"1902\" data-end=\"1931\" data-col-size=\"sm\"><strong data-start=\"1904\" data-end=\"1920\">Antighosting<\/strong><\/td>\n<td data-col-size=\"md\" data-start=\"1931\" data-end=\"2006\">Soporte completo (N-Key Rollover)<\/td>\n<\/tr>\n<tr data-start=\"2007\" data-end=\"2111\">\n<td data-start=\"2007\" data-end=\"2036\" data-col-size=\"sm\"><strong data-start=\"2009\" data-end=\"2028\">Uso recomendado<\/strong><\/td>\n<td data-col-size=\"md\" data-start=\"2036\" data-end=\"2111\">Gaming, oficina, programaci\u00f3n o uso diario<\/td>\n<\/tr>\n<\/tbody>\n<\/table>\n<\/div>\n<\/div>\n","protected":false},"excerpt":{"rendered":"<p data-start=\"285\" data-end=\"462\">Teclado mec\u00e1nico compacto 60% AJAZZ NKL61 con dise\u00f1o delgado (low-profile), cable USB-C, layout de 61 teclas y estilo minimalista \u2014 ideal para gaming, trabajo y setups modernos.<\/p>\n","protected":false},"featured_media":2350,"comment_status":"open","ping_status":"closed","template":"","meta":[],"product_brand":[],"product_cat":[92],"product_tag":[111,66,67,112],"class_list":{"0":"post-2484","1":"product","2":"type-product","3":"status-publish","4":"has-post-thumbnail","6":"product_cat-teclados","7":"product_tag-ajazz","8":"product_tag-gamer","9":"product_tag-teclado","10":"product_tag-teclado-mecanico","12":"first","13":"instock","14":"taxable","15":"shipping-taxable","16":"purchasable","17":"product-type-simple"},"_links":{"self":[{"href":"https:\/\/fonadev.com\/index.php?rest_route=\/wp\/v2\/product\/2484","targetHints":{"allow":["GET"]}}],"collection":[{"href":"https:\/\/fonadev.com\/index.php?rest_route=\/wp\/v2\/product"}],"about":[{"href":"https:\/\/fonadev.com\/index.php?rest_route=\/wp\/v2\/types\/product"}],"replies":[{"embeddable":true,"href":"https:\/\/fonadev.com\/index.php?rest_route=%2Fwp%2Fv2%2Fcomments&post=2484"}],"version-history":[{"count":2,"href":"https:\/\/fonadev.com\/index.php?rest_route=\/wp\/v2\/product\/2484\/revisions"}],"predecessor-version":[{"id":2586,"href":"https:\/\/fonadev.com\/index.php?rest_route=\/wp\/v2\/product\/2484\/revisions\/2586"}],"wp:featuredmedia":[{"embeddable":true,"href":"https:\/\/fonadev.com\/index.php?rest_route=\/wp\/v2\/media\/2350"}],"wp:attachment":[{"href":"https:\/\/fonadev.com\/index.php?rest_route=%2Fwp%2Fv2%2Fmedia&parent=2484"}],"wp:term":[{"taxonomy":"product_brand","embeddable":true,"href":"https:\/\/fonadev.com\/index.php?rest_route=%2Fwp%2Fv2%2Fproduct_brand&post=2484"},{"taxonomy":"product_cat","embeddable":true,"href":"https:\/\/fonadev.com\/index.php?rest_route=%2Fwp%2Fv2%2Fproduct_cat&post=2484"},{"taxonomy":"product_tag","embeddable":true,"href":"https:\/\/fonadev.com\/index.php?rest_route=%2Fwp%2Fv2%2Fproduct_tag&post=2484"}],"curies":[{"name":"wp","href":"https:\/\/api.w.org\/{rel}","templated":true}]}}