{"id":2472,"date":"2025-10-16T10:29:44","date_gmt":"2025-10-16T04:29:44","guid":{"rendered":"https:\/\/fonadev.com\/?product=teclado-mecanico-ajazz-tkl-gasket"},"modified":"2025-10-19T07:22:41","modified_gmt":"2025-10-19T01:22:41","slug":"teclado-mecanico-ajazz-tkl-gasket","status":"publish","type":"product","link":"https:\/\/fonadev.com\/?product=teclado-mecanico-ajazz-tkl-gasket","title":{"rendered":"Teclado mecanico AJAZZ TKL Gasket AK870"},"content":{"rendered":"<table class=\"w-fit min-w-(--thread-content-width)\" data-start=\"527\" data-end=\"2444\">\n<thead data-start=\"527\" data-end=\"633\">\n<tr data-start=\"527\" data-end=\"633\">\n<th data-start=\"527\" data-end=\"558\" data-col-size=\"sm\">Caracter\u00edstica<\/th>\n<th data-start=\"558\" data-end=\"633\" data-col-size=\"md\">Detalle<\/th>\n<\/tr>\n<\/thead>\n<tbody data-start=\"741\" data-end=\"2444\">\n<tr data-start=\"741\" data-end=\"846\">\n<td data-start=\"741\" data-end=\"772\" data-col-size=\"sm\"><strong data-start=\"743\" data-end=\"752\">Marca<\/strong><\/td>\n<td data-col-size=\"md\" data-start=\"772\" data-end=\"846\">AJAZZ<\/td>\n<\/tr>\n<tr data-start=\"847\" data-end=\"952\">\n<td data-start=\"847\" data-end=\"878\" data-col-size=\"sm\"><strong data-start=\"849\" data-end=\"859\">Modelo<\/strong><\/td>\n<td data-start=\"878\" data-end=\"952\" data-col-size=\"md\">AK870<\/td>\n<\/tr>\n<tr data-start=\"953\" data-end=\"1059\">\n<td data-start=\"953\" data-end=\"984\" data-col-size=\"sm\"><strong data-start=\"955\" data-end=\"974\">Tipo de teclado<\/strong><\/td>\n<td data-col-size=\"md\" data-start=\"984\" data-end=\"1059\">Mec\u00e1nico, formato TKL (~87 teclas)<\/td>\n<\/tr>\n<tr data-start=\"1060\" data-end=\"1165\">\n<td data-start=\"1060\" data-end=\"1091\" data-col-size=\"sm\"><strong data-start=\"1062\" data-end=\"1073\">Montaje<\/strong><\/td>\n<td data-col-size=\"md\" data-start=\"1091\" data-end=\"1165\">Gasket-mount (estructura amortiguada)<\/td>\n<\/tr>\n<tr data-start=\"1166\" data-end=\"1271\">\n<td data-start=\"1166\" data-end=\"1197\" data-col-size=\"sm\"><strong data-start=\"1168\" data-end=\"1184\">Conectividad<\/strong><\/td>\n<td data-start=\"1197\" data-end=\"1271\" data-col-size=\"md\">Modo triple: USB-C (cableado), 2.4GHz inal\u00e1mbrica, Bluetooth<\/td>\n<\/tr>\n<tr data-start=\"1272\" data-end=\"1377\">\n<td data-start=\"1272\" data-end=\"1303\" data-col-size=\"sm\"><strong data-start=\"1274\" data-end=\"1291\">Hot-swappable<\/strong><\/td>\n<td data-start=\"1303\" data-end=\"1377\" data-col-size=\"md\">S\u00ed (permite cambiar los switches sin soldar)<\/td>\n<\/tr>\n<tr data-start=\"1378\" data-end=\"1484\">\n<td data-start=\"1378\" data-end=\"1409\" data-col-size=\"sm\"><strong data-start=\"1380\" data-end=\"1395\">Iluminaci\u00f3n<\/strong><\/td>\n<td data-start=\"1409\" data-end=\"1484\" data-col-size=\"md\">RGB multiefecto (16,8 millones de colores)<\/td>\n<\/tr>\n<tr data-start=\"1485\" data-end=\"1591\">\n<td data-start=\"1485\" data-end=\"1516\" data-col-size=\"sm\"><strong data-start=\"1487\" data-end=\"1495\">LEDs<\/strong><\/td>\n<td data-start=\"1516\" data-end=\"1591\" data-col-size=\"md\">Tipo \u201csouth-facing\u201d para mejor visibilidad<\/td>\n<\/tr>\n<tr data-start=\"1592\" data-end=\"1698\">\n<td data-start=\"1592\" data-end=\"1623\" data-col-size=\"sm\"><strong data-start=\"1594\" data-end=\"1605\">Keycaps<\/strong><\/td>\n<td data-col-size=\"md\" data-start=\"1623\" data-end=\"1698\">Material PBT (doble inyecci\u00f3n o equivalente)<\/td>\n<\/tr>\n<tr data-start=\"1699\" data-end=\"1805\">\n<td data-start=\"1699\" data-end=\"1730\" data-col-size=\"sm\"><strong data-start=\"1701\" data-end=\"1716\">Placa \/ PCB<\/strong><\/td>\n<td data-col-size=\"md\" data-start=\"1730\" data-end=\"1805\">Dise\u00f1o \u201cflex-cut\u201d para mayor respuesta y confort<\/td>\n<\/tr>\n<tr data-start=\"1806\" data-end=\"1912\">\n<td data-start=\"1806\" data-end=\"1837\" data-col-size=\"sm\"><strong data-start=\"1808\" data-end=\"1830\">Estructura interna<\/strong><\/td>\n<td data-col-size=\"md\" data-start=\"1837\" data-end=\"1912\">M\u00faltiples capas de amortiguaci\u00f3n (espumas, silic\u00f3n) para sonido pulido<\/td>\n<\/tr>\n<tr data-start=\"1913\" data-end=\"2019\">\n<td data-start=\"1913\" data-end=\"1944\" data-col-size=\"sm\"><strong data-start=\"1915\" data-end=\"1941\">Compatibilidad sistema<\/strong><\/td>\n<td data-col-size=\"md\" data-start=\"1944\" data-end=\"2019\">Windows &amp; macOS<\/td>\n<\/tr>\n<tr data-start=\"2020\" data-end=\"2125\">\n<td data-start=\"2020\" data-end=\"2051\" data-col-size=\"sm\"><strong data-start=\"2022\" data-end=\"2046\">Layout \/ Disposici\u00f3n<\/strong><\/td>\n<td data-col-size=\"md\" data-start=\"2051\" data-end=\"2125\">TKL (sin secci\u00f3n num\u00e9rica)<\/td>\n<\/tr>\n<tr data-start=\"2126\" data-end=\"2230\">\n<td data-start=\"2126\" data-end=\"2162\" data-col-size=\"sm\"><strong data-start=\"2128\" data-end=\"2161\">Bater\u00eda (versi\u00f3n inal\u00e1mbrica)<\/strong><\/td>\n<td data-col-size=\"md\" data-start=\"2162\" data-end=\"2230\">Aproximadamente 4 000 mAh en algunas versiones<\/td>\n<\/tr>\n<tr data-start=\"2231\" data-end=\"2337\">\n<td data-start=\"2231\" data-end=\"2262\" data-col-size=\"sm\"><strong data-start=\"2233\" data-end=\"2252\">Uso recomendado<\/strong><\/td>\n<td data-col-size=\"md\" data-start=\"2262\" data-end=\"2337\">Gaming, productividad, escritura prolongada<\/td>\n<\/tr>\n<tr data-start=\"2338\" data-end=\"2444\">\n<td data-start=\"2338\" data-end=\"2369\" data-col-size=\"sm\"><\/td>\n<td data-col-size=\"md\" data-start=\"2369\" data-end=\"2444\"><\/td>\n<\/tr>\n<\/tbody>\n<\/table>\n","protected":false},"excerpt":{"rendered":"<p>Teclado mec\u00e1nico AJAZZ TKL con dise\u00f1o de <strong data-start=\"260\" data-end=\"273\">87 teclas<\/strong>, montaje tipo <em data-start=\"288\" data-end=\"302\">gasket-mount<\/em>, conexi\u00f3n triple (USB-C cableado + 2.4 GHz inal\u00e1mbrica + Bluetooth), hot-swappable y retroiluminaci\u00f3n RGB \u2014 ideal para gaming y escritura de alto nivel.<\/p>\n","protected":false},"featured_media":2390,"comment_status":"open","ping_status":"closed","template":"","meta":[],"product_brand":[128],"product_cat":[92],"product_tag":[],"class_list":{"0":"post-2472","1":"product","2":"type-product","3":"status-publish","4":"has-post-thumbnail","6":"product_brand-ajazz","7":"product_cat-teclados","9":"first","10":"instock","11":"taxable","12":"shipping-taxable","13":"purchasable","14":"product-type-simple"},"_links":{"self":[{"href":"https:\/\/fonadev.com\/index.php?rest_route=\/wp\/v2\/product\/2472","targetHints":{"allow":["GET"]}}],"collection":[{"href":"https:\/\/fonadev.com\/index.php?rest_route=\/wp\/v2\/product"}],"about":[{"href":"https:\/\/fonadev.com\/index.php?rest_route=\/wp\/v2\/types\/product"}],"replies":[{"embeddable":true,"href":"https:\/\/fonadev.com\/index.php?rest_route=%2Fwp%2Fv2%2Fcomments&post=2472"}],"version-history":[{"count":4,"href":"https:\/\/fonadev.com\/index.php?rest_route=\/wp\/v2\/product\/2472\/revisions"}],"predecessor-version":[{"id":2615,"href":"https:\/\/fonadev.com\/index.php?rest_route=\/wp\/v2\/product\/2472\/revisions\/2615"}],"wp:featuredmedia":[{"embeddable":true,"href":"https:\/\/fonadev.com\/index.php?rest_route=\/wp\/v2\/media\/2390"}],"wp:attachment":[{"href":"https:\/\/fonadev.com\/index.php?rest_route=%2Fwp%2Fv2%2Fmedia&parent=2472"}],"wp:term":[{"taxonomy":"product_brand","embeddable":true,"href":"https:\/\/fonadev.com\/index.php?rest_route=%2Fwp%2Fv2%2Fproduct_brand&post=2472"},{"taxonomy":"product_cat","embeddable":true,"href":"https:\/\/fonadev.com\/index.php?rest_route=%2Fwp%2Fv2%2Fproduct_cat&post=2472"},{"taxonomy":"product_tag","embeddable":true,"href":"https:\/\/fonadev.com\/index.php?rest_route=%2Fwp%2Fv2%2Fproduct_tag&post=2472"}],"curies":[{"name":"wp","href":"https:\/\/api.w.org\/{rel}","templated":true}]}}