{"id":2471,"date":"2025-10-16T10:29:44","date_gmt":"2025-10-16T04:29:44","guid":{"rendered":"https:\/\/fonadev.com\/?product=raton-de-juego-attack-shark-g6"},"modified":"2025-10-19T08:57:18","modified_gmt":"2025-10-19T02:57:18","slug":"raton-de-juego-attack-shark-g6","status":"publish","type":"product","link":"https:\/\/fonadev.com\/?product=raton-de-juego-attack-shark-g6","title":{"rendered":"Mouse de gamer ATTACK SHARK G6"},"content":{"rendered":"<ul>\n<li data-start=\"436\" data-end=\"459\">\n<p data-start=\"438\" data-end=\"459\">Marca: Attack Shark<\/p>\n<\/li>\n<li data-start=\"460\" data-end=\"474\">\n<p data-start=\"462\" data-end=\"474\">Modelo: G6<\/p>\n<\/li>\n<li data-start=\"475\" data-end=\"583\">\n<p data-start=\"477\" data-end=\"583\">Conectividad: Cable USB-C \/ Wireless 2.4GHz \/ Bluetooth (tri-modo)<\/p>\n<\/li>\n<li data-start=\"584\" data-end=\"661\">\n<p data-start=\"586\" data-end=\"661\">Tama\u00f1o aproximado: 128 \u00d7 89 \u00d7 42 mm<\/p>\n<\/li>\n<li data-start=\"662\" data-end=\"759\">\n<p data-start=\"664\" data-end=\"759\">DPI: configurable (por ejemplo 1200-4000 seg\u00fan versi\u00f3n)<\/p>\n<\/li>\n<li data-start=\"760\" data-end=\"827\">\n<p data-start=\"762\" data-end=\"827\">Iluminaci\u00f3n: 11 modos RGB<\/p>\n<\/li>\n<li data-start=\"828\" data-end=\"914\">\n<p data-start=\"830\" data-end=\"914\">Botones: 10 botones de funciones adicionales<\/p>\n<\/li>\n<li data-start=\"915\" data-end=\"1018\">\n<p data-start=\"917\" data-end=\"1018\">Dise\u00f1o silencioso (\u201cmute click\u201d) para los botones principales<\/p>\n<\/li>\n<li data-start=\"1019\" data-end=\"1115\">\n<p data-start=\"1021\" data-end=\"1115\">Bater\u00eda integrada (versi\u00f3n inal\u00e1mbrica) aprox. 500 mAh<\/p>\n<\/li>\n<li data-start=\"1116\" data-end=\"1230\">\n<p data-start=\"1118\" data-end=\"1230\">Compatibilidad: Windows, macOS, Android, sistemas Linux en algunos casos<\/p>\n<\/li>\n<\/ul>\n","protected":false},"excerpt":{"rendered":"<p>Rat\u00f3n de juego Attack Shark G6 con conexi\u00f3n triple (cable USB-C, inal\u00e1mbrica 2.4 GHz y Bluetooth), sensor de alta precisi\u00f3n, iluminaci\u00f3n RGB con m\u00faltiples efectos y dise\u00f1o ergon\u00f3mico para sesiones largas.<\/p>\n","protected":false},"featured_media":2399,"comment_status":"open","ping_status":"closed","template":"","meta":[],"product_brand":[113],"product_cat":[91,81],"product_tag":[66,126,127,124,125],"class_list":{"0":"post-2471","1":"product","2":"type-product","3":"status-publish","4":"has-post-thumbnail","6":"product_brand-attack-shark","7":"product_cat-mouse","8":"product_cat-perifericos","9":"product_tag-gamer","10":"product_tag-gaming","11":"product_tag-juego","12":"product_tag-mouse","13":"product_tag-mouse-gamer","15":"first","16":"instock","17":"taxable","18":"shipping-taxable","19":"purchasable","20":"product-type-simple"},"_links":{"self":[{"href":"https:\/\/fonadev.com\/index.php?rest_route=\/wp\/v2\/product\/2471","targetHints":{"allow":["GET"]}}],"collection":[{"href":"https:\/\/fonadev.com\/index.php?rest_route=\/wp\/v2\/product"}],"about":[{"href":"https:\/\/fonadev.com\/index.php?rest_route=\/wp\/v2\/types\/product"}],"replies":[{"embeddable":true,"href":"https:\/\/fonadev.com\/index.php?rest_route=%2Fwp%2Fv2%2Fcomments&post=2471"}],"version-history":[{"count":4,"href":"https:\/\/fonadev.com\/index.php?rest_route=\/wp\/v2\/product\/2471\/revisions"}],"predecessor-version":[{"id":2611,"href":"https:\/\/fonadev.com\/index.php?rest_route=\/wp\/v2\/product\/2471\/revisions\/2611"}],"wp:featuredmedia":[{"embeddable":true,"href":"https:\/\/fonadev.com\/index.php?rest_route=\/wp\/v2\/media\/2399"}],"wp:attachment":[{"href":"https:\/\/fonadev.com\/index.php?rest_route=%2Fwp%2Fv2%2Fmedia&parent=2471"}],"wp:term":[{"taxonomy":"product_brand","embeddable":true,"href":"https:\/\/fonadev.com\/index.php?rest_route=%2Fwp%2Fv2%2Fproduct_brand&post=2471"},{"taxonomy":"product_cat","embeddable":true,"href":"https:\/\/fonadev.com\/index.php?rest_route=%2Fwp%2Fv2%2Fproduct_cat&post=2471"},{"taxonomy":"product_tag","embeddable":true,"href":"https:\/\/fonadev.com\/index.php?rest_route=%2Fwp%2Fv2%2Fproduct_tag&post=2471"}],"curies":[{"name":"wp","href":"https:\/\/api.w.org\/{rel}","templated":true}]}}