{"id":1039,"date":"2021-12-21T20:12:56","date_gmt":"2021-12-21T20:12:56","guid":{"rendered":"https:\/\/startersites.io\/elementor\/homi\/?page_id=1039"},"modified":"2025-08-14T08:18:18","modified_gmt":"2025-08-14T02:18:18","slug":"about-us","status":"publish","type":"page","link":"https:\/\/fonadev.com\/?page_id=1039","title":{"rendered":"About us"},"content":{"rendered":"\t\t<div data-elementor-type=\"wp-page\" data-elementor-id=\"1039\" class=\"elementor elementor-1039\" data-elementor-post-type=\"page\">\n\t\t\t\t\t\t<section class=\"elementor-section elementor-top-section elementor-element elementor-element-5020ae7 ct-section-stretched elementor-section-height-min-height elementor-section-full_width elementor-section-height-default elementor-section-items-middle elementor-invisible\" data-id=\"5020ae7\" data-element_type=\"section\" data-e-type=\"section\" data-settings=\"{&quot;background_background&quot;:&quot;classic&quot;,&quot;animation&quot;:&quot;fadeIn&quot;}\">\n\t\t\t\t\t\t<div class=\"elementor-container elementor-column-gap-default\">\n\t\t\t\t\t<div class=\"elementor-column elementor-col-100 elementor-top-column elementor-element elementor-element-36276f8\" data-id=\"36276f8\" data-element_type=\"column\" data-e-type=\"column\">\n\t\t\t<div class=\"elementor-widget-wrap\">\n\t\t\t\t\t\t\t<\/div>\n\t\t<\/div>\n\t\t\t\t\t<\/div>\n\t\t<\/section>\n\t\t<div class=\"elementor-element elementor-element-e94f2b1 e-flex e-con-boxed e-con e-parent\" data-id=\"e94f2b1\" data-element_type=\"container\" data-e-type=\"container\">\n\t\t\t\t\t<div class=\"e-con-inner\">\n\t\t\t\t<div class=\"elementor-element elementor-element-035eeb6 elementor-invisible elementor-widget elementor-widget-heading\" data-id=\"035eeb6\" data-element_type=\"widget\" data-e-type=\"widget\" data-settings=\"{&quot;_animation&quot;:&quot;fadeIn&quot;}\" data-widget_type=\"heading.default\">\n\t\t\t\t<div class=\"elementor-widget-container\">\n\t\t\t\t\t<h2 class=\"elementor-heading-title elementor-size-default\">\u00bfQui\u00e9nes somos?<\/h2>\t\t\t\t<\/div>\n\t\t\t\t<\/div>\n\t\t\t\t\t<\/div>\n\t\t\t\t<\/div>\n\t\t\t\t<section class=\"elementor-section elementor-top-section elementor-element elementor-element-bba6cb0 elementor-section-boxed elementor-section-height-default elementor-section-height-default\" data-id=\"bba6cb0\" data-element_type=\"section\" data-e-type=\"section\">\n\t\t\t\t\t\t<div class=\"elementor-container elementor-column-gap-extended\">\n\t\t\t\t\t<div class=\"elementor-column elementor-col-100 elementor-top-column elementor-element elementor-element-caebb6a\" data-id=\"caebb6a\" data-element_type=\"column\" data-e-type=\"column\">\n\t\t\t<div class=\"elementor-widget-wrap elementor-element-populated\">\n\t\t\t\t\t\t<div class=\"elementor-element elementor-element-d0d11e3 elementor-invisible elementor-widget elementor-widget-text-editor\" data-id=\"d0d11e3\" data-element_type=\"widget\" data-e-type=\"widget\" data-settings=\"{&quot;_animation&quot;:&quot;fadeInRight&quot;}\" data-widget_type=\"text-editor.default\">\n\t\t\t\t<div class=\"elementor-widget-container\">\n\t\t\t\t\t\t\t\t\t<p data-start=\"211\" data-end=\"602\">En <b>Fonadev <\/b>somos una empresa nicarag\u00fcense especializada en soluciones tecnol\u00f3gicas integrales, orientadas a brindar un servicio personalizado, confiable y eficiente. Nuestro compromiso es acompa\u00f1ar a cada cliente como un verdadero aliado estrat\u00e9gico, ofreciendo soporte t\u00e9cnico, consultor\u00eda inform\u00e1tica y venta de productos tecnol\u00f3gicos que optimicen sus recursos y potencien su rendimiento.<\/p><p data-start=\"351\" data-end=\"703\">\n<\/p><p data-start=\"604\" data-end=\"788\">Nos caracterizamos por la transparencia, el trato cercano y un enfoque centrado en resolver problemas reales, proponiendo siempre la soluci\u00f3n m\u00e1s adecuada en funci\u00f3n de cada necesidad.<\/p>\t\t\t\t\t\t\t\t<\/div>\n\t\t\t\t<\/div>\n\t\t\t\t\t<\/div>\n\t\t<\/div>\n\t\t\t\t\t<\/div>\n\t\t<\/section>\n\t\t\t\t<section class=\"elementor-section elementor-top-section elementor-element elementor-element-7e10026 elementor-section-boxed elementor-section-height-default elementor-section-height-default\" data-id=\"7e10026\" data-element_type=\"section\" data-e-type=\"section\">\n\t\t\t\t\t\t<div class=\"elementor-container elementor-column-gap-default\">\n\t\t\t\t\t<div class=\"elementor-column elementor-col-100 elementor-top-column elementor-element elementor-element-29a05d9\" data-id=\"29a05d9\" data-element_type=\"column\" data-e-type=\"column\">\n\t\t\t<div class=\"elementor-widget-wrap elementor-element-populated\">\n\t\t\t\t\t\t<div class=\"elementor-element elementor-element-78f88b4 elementor-invisible elementor-widget elementor-widget-heading\" data-id=\"78f88b4\" data-element_type=\"widget\" data-e-type=\"widget\" data-settings=\"{&quot;_animation&quot;:&quot;fadeIn&quot;}\" data-widget_type=\"heading.default\">\n\t\t\t\t<div class=\"elementor-widget-container\">\n\t\t\t\t\t<h2 class=\"elementor-heading-title elementor-size-default\">Nuestra historia<\/h2>\t\t\t\t<\/div>\n\t\t\t\t<\/div>\n\t\t\t\t\t<\/div>\n\t\t<\/div>\n\t\t\t\t\t<\/div>\n\t\t<\/section>\n\t\t\t\t<section class=\"elementor-section elementor-top-section elementor-element elementor-element-7bcec0a elementor-section-content-middle elementor-section-boxed elementor-section-height-default elementor-section-height-default\" data-id=\"7bcec0a\" data-element_type=\"section\" data-e-type=\"section\">\n\t\t\t\t\t\t<div class=\"elementor-container elementor-column-gap-wide\">\n\t\t\t\t\t<div class=\"elementor-column elementor-col-50 elementor-top-column elementor-element elementor-element-fcc8d49\" data-id=\"fcc8d49\" data-element_type=\"column\" data-e-type=\"column\">\n\t\t\t<div class=\"elementor-widget-wrap elementor-element-populated\">\n\t\t\t\t\t\t<div class=\"elementor-element elementor-element-9c29062 elementor-invisible elementor-widget elementor-widget-image\" data-id=\"9c29062\" data-element_type=\"widget\" data-e-type=\"widget\" data-settings=\"{&quot;_animation&quot;:&quot;fadeInLeft&quot;}\" data-widget_type=\"image.default\">\n\t\t\t\t<div class=\"elementor-widget-container\">\n\t\t\t\t\t\t\t\t\t\t\t\t\t\t\t<img fetchpriority=\"high\" decoding=\"async\" width=\"345\" height=\"354\" src=\"https:\/\/fonadev.com\/wp-content\/uploads\/2024\/07\/cropped-D-1-e1741409053122.png\" class=\"attachment-full size-full wp-image-1030\" alt=\"\" srcset=\"https:\/\/fonadev.com\/wp-content\/uploads\/2024\/07\/cropped-D-1-e1741409053122.png 345w, https:\/\/fonadev.com\/wp-content\/uploads\/2024\/07\/cropped-D-1-e1741409053122-292x300.png 292w, https:\/\/fonadev.com\/wp-content\/uploads\/2024\/07\/cropped-D-1-e1741409053122-300x308.png 300w\" sizes=\"(max-width: 345px) 100vw, 345px\" \/>\t\t\t\t\t\t\t\t\t\t\t\t\t\t\t<\/div>\n\t\t\t\t<\/div>\n\t\t\t\t\t<\/div>\n\t\t<\/div>\n\t\t\t\t<div class=\"elementor-column elementor-col-50 elementor-top-column elementor-element elementor-element-9c4c2bb\" data-id=\"9c4c2bb\" data-element_type=\"column\" data-e-type=\"column\">\n\t\t\t<div class=\"elementor-widget-wrap elementor-element-populated\">\n\t\t\t\t\t\t<div class=\"elementor-element elementor-element-f83d61e elementor-invisible elementor-widget elementor-widget-text-editor\" data-id=\"f83d61e\" data-element_type=\"widget\" data-e-type=\"widget\" data-settings=\"{&quot;_animation&quot;:&quot;fadeInRight&quot;}\" data-widget_type=\"text-editor.default\">\n\t\t\t\t<div class=\"elementor-widget-container\">\n\t\t\t\t\t\t\t\t\t<p data-start=\"172\" data-end=\"654\"><strong data-start=\"172\" data-end=\"183\">Fonadev<\/strong> nace de la pasi\u00f3n por la tecnolog\u00eda y el firme compromiso de brindar soluciones inform\u00e1ticas efectivas, honestas y accesibles. Fundada por un ingeniero en ciencias de la computaci\u00f3n con s\u00f3lida experiencia en soporte t\u00e9cnico, desarrollo web y gesti\u00f3n de proyectos, nuestra empresa surge como respuesta a una necesidad cada vez m\u00e1s evidente: contar con un aliado tecnol\u00f3gico que no solo repare, sino que asesore, oriente y proponga soluciones personalizadas y sostenibles.<\/p><p data-start=\"656\" data-end=\"1038\">Desde nuestros inicios, en <strong data-start=\"683\" data-end=\"694\">Fonadev<\/strong> nos propusimos romper con los esquemas tradicionales de soporte t\u00e9cnico. Nuestra visi\u00f3n fue clara: ser m\u00e1s que una empresa de servicios tecnol\u00f3gicos, convertirnos en un socio estrat\u00e9gico de nuestros clientes, explicando cada diagn\u00f3stico con transparencia y ofreciendo siempre la alternativa m\u00e1s conveniente seg\u00fan sus necesidades y presupuesto.<\/p><p data-start=\"1040\" data-end=\"1412\">Comenzamos brindando soporte a nivel personal, resolviendo incidencias comunes en computadoras, redes y software. Con el tiempo, y gracias a la confianza de nuestros clientes, ampliamos nuestro alcance hacia peque\u00f1as empresas y emprendedores, integrando servicios de desarrollo web, asesor\u00eda digital, consultor\u00eda tecnol\u00f3gica y comercializaci\u00f3n de productos especializados.<\/p><p data-start=\"1414\" data-end=\"1728\">Hoy, <strong data-start=\"1419\" data-end=\"1430\">Fonadev<\/strong> contin\u00faa su crecimiento enfocado en un principio inquebrantable: ofrecer soluciones reales, con un enfoque humano y profesional. M\u00e1s all\u00e1 de reparar equipos, nuestro mayor orgullo es construir relaciones de confianza duraderas y convertirnos en la primera opci\u00f3n tecnol\u00f3gica de quienes nos eligen.<\/p>\t\t\t\t\t\t\t\t<\/div>\n\t\t\t\t<\/div>\n\t\t\t\t\t<\/div>\n\t\t<\/div>\n\t\t\t\t\t<\/div>\n\t\t<\/section>\n\t\t\t\t<section class=\"elementor-section elementor-top-section elementor-element elementor-element-8bfdb97 elementor-section-boxed elementor-section-height-default elementor-section-height-default\" data-id=\"8bfdb97\" data-element_type=\"section\" data-e-type=\"section\">\n\t\t\t\t\t\t<div class=\"elementor-container elementor-column-gap-default\">\n\t\t\t\t\t<div class=\"elementor-column elementor-col-100 elementor-top-column elementor-element elementor-element-1e9d827\" data-id=\"1e9d827\" data-element_type=\"column\" data-e-type=\"column\">\n\t\t\t<div class=\"elementor-widget-wrap elementor-element-populated\">\n\t\t\t\t\t\t<div class=\"elementor-element elementor-element-17353f1 elementor-widget elementor-widget-spacer\" data-id=\"17353f1\" data-element_type=\"widget\" data-e-type=\"widget\" data-widget_type=\"spacer.default\">\n\t\t\t\t<div class=\"elementor-widget-container\">\n\t\t\t\t\t\t\t<div class=\"elementor-spacer\">\n\t\t\t<div class=\"elementor-spacer-inner\"><\/div>\n\t\t<\/div>\n\t\t\t\t\t\t<\/div>\n\t\t\t\t<\/div>\n\t\t\t\t\t<\/div>\n\t\t<\/div>\n\t\t\t\t\t<\/div>\n\t\t<\/section>\n\t\t<div class=\"elementor-element elementor-element-2626143 e-flex e-con-boxed e-con e-parent\" data-id=\"2626143\" data-element_type=\"container\" data-e-type=\"container\">\n\t\t\t\t\t<div class=\"e-con-inner\">\n\t\t\t\t<div class=\"elementor-element elementor-element-e911c8e elementor-widget elementor-widget-heading\" data-id=\"e911c8e\" data-element_type=\"widget\" data-e-type=\"widget\" data-widget_type=\"heading.default\">\n\t\t\t\t<div class=\"elementor-widget-container\">\n\t\t\t\t\t<h2 class=\"elementor-heading-title elementor-size-default\">Misi\u00f3n<\/h2>\t\t\t\t<\/div>\n\t\t\t\t<\/div>\n\t\t\t\t\t<\/div>\n\t\t\t\t<\/div>\n\t\t<div class=\"elementor-element elementor-element-3ffca9b e-flex e-con-boxed e-con e-parent\" data-id=\"3ffca9b\" data-element_type=\"container\" data-e-type=\"container\">\n\t\t\t\t\t<div class=\"e-con-inner\">\n\t\t<div class=\"elementor-element elementor-element-8153f65 e-con-full e-flex e-con e-child\" data-id=\"8153f65\" data-element_type=\"container\" data-e-type=\"container\">\n\t\t\t\t<div class=\"elementor-element elementor-element-83aafc1 elementor-invisible elementor-widget elementor-widget-text-editor\" data-id=\"83aafc1\" data-element_type=\"widget\" data-e-type=\"widget\" data-settings=\"{&quot;_animation&quot;:&quot;fadeInLeft&quot;}\" data-widget_type=\"text-editor.default\">\n\t\t\t\t<div class=\"elementor-widget-container\">\n\t\t\t\t\t\t\t\t\t<p>Ofrecer soluciones tecnol\u00f3gicas integrales con un enfoque centrado en el cliente, combinando consultor\u00eda especializada, soporte t\u00e9cnico eficiente y comercializaci\u00f3n de productos de alta calidad. En Fonadev nos comprometemos a proporcionar un servicio transparente, oportuno y adaptado a las necesidades reales de cada cliente, impulsando su productividad y crecimiento tecnol\u00f3gico..<\/p>\t\t\t\t\t\t\t\t<\/div>\n\t\t\t\t<\/div>\n\t\t\t\t<\/div>\n\t\t<div class=\"elementor-element elementor-element-10f0d15 e-con-full e-flex e-con e-child\" data-id=\"10f0d15\" data-element_type=\"container\" data-e-type=\"container\">\n\t\t\t\t<div class=\"elementor-element elementor-element-d57587c elementor-invisible elementor-widget elementor-widget-image\" data-id=\"d57587c\" data-element_type=\"widget\" data-e-type=\"widget\" data-settings=\"{&quot;_animation&quot;:&quot;fadeInRight&quot;}\" data-widget_type=\"image.default\">\n\t\t\t\t<div class=\"elementor-widget-container\">\n\t\t\t\t\t\t\t\t\t\t\t\t\t\t\t<img decoding=\"async\" width=\"724\" height=\"1024\" src=\"https:\/\/fonadev.com\/wp-content\/uploads\/2025\/07\/Diseno-sin-titulo-18-724x1024.png\" class=\"attachment-large size-large wp-image-2021\" alt=\"\" srcset=\"https:\/\/fonadev.com\/wp-content\/uploads\/2025\/07\/Diseno-sin-titulo-18-724x1024.png 724w, https:\/\/fonadev.com\/wp-content\/uploads\/2025\/07\/Diseno-sin-titulo-18-212x300.png 212w, https:\/\/fonadev.com\/wp-content\/uploads\/2025\/07\/Diseno-sin-titulo-18-768x1086.png 768w, https:\/\/fonadev.com\/wp-content\/uploads\/2025\/07\/Diseno-sin-titulo-18-300x424.png 300w, https:\/\/fonadev.com\/wp-content\/uploads\/2025\/07\/Diseno-sin-titulo-18-600x849.png 600w, https:\/\/fonadev.com\/wp-content\/uploads\/2025\/07\/Diseno-sin-titulo-18.png 794w\" sizes=\"(max-width: 724px) 100vw, 724px\" \/>\t\t\t\t\t\t\t\t\t\t\t\t\t\t\t<\/div>\n\t\t\t\t<\/div>\n\t\t\t\t<\/div>\n\t\t\t\t\t<\/div>\n\t\t\t\t<\/div>\n\t\t<div class=\"elementor-element elementor-element-ed6a2ff e-flex e-con-boxed e-con e-parent\" data-id=\"ed6a2ff\" data-element_type=\"container\" data-e-type=\"container\">\n\t\t\t\t\t<div class=\"e-con-inner\">\n\t\t\t\t<div class=\"elementor-element elementor-element-682e66f elementor-invisible elementor-widget elementor-widget-heading\" data-id=\"682e66f\" data-element_type=\"widget\" data-e-type=\"widget\" data-settings=\"{&quot;_animation&quot;:&quot;fadeIn&quot;}\" data-widget_type=\"heading.default\">\n\t\t\t\t<div class=\"elementor-widget-container\">\n\t\t\t\t\t<h2 class=\"elementor-heading-title elementor-size-default\">Visi\u00f3n<\/h2>\t\t\t\t<\/div>\n\t\t\t\t<\/div>\n\t\t\t\t\t<\/div>\n\t\t\t\t<\/div>\n\t\t<div class=\"elementor-element elementor-element-6390c78 e-flex e-con-boxed e-con e-parent\" data-id=\"6390c78\" data-element_type=\"container\" data-e-type=\"container\">\n\t\t\t\t\t<div class=\"e-con-inner\">\n\t\t<div class=\"elementor-element elementor-element-092b200 e-con-full e-flex e-con e-child\" data-id=\"092b200\" data-element_type=\"container\" data-e-type=\"container\">\n\t\t\t\t<div class=\"elementor-element elementor-element-298eda8 elementor-invisible elementor-widget elementor-widget-text-editor\" data-id=\"298eda8\" data-element_type=\"widget\" data-e-type=\"widget\" data-settings=\"{&quot;_animation&quot;:&quot;fadeInLeft&quot;}\" data-widget_type=\"text-editor.default\">\n\t\t\t\t<div class=\"elementor-widget-container\">\n\t\t\t\t\t\t\t\t\t<p>Consolidarnos como la empresa referente en servicios tecnol\u00f3gicos y soluciones inform\u00e1ticas en Nicaragua, destacando por nuestra excelencia operativa, atenci\u00f3n personalizada y capacidad de innovaci\u00f3n. Aspiramos a ser reconocidos como un socio estrat\u00e9gico confiable que contribuye al desarrollo digital sostenible de nuestros clientes.<\/p>\t\t\t\t\t\t\t\t<\/div>\n\t\t\t\t<\/div>\n\t\t\t\t<\/div>\n\t\t<div class=\"elementor-element elementor-element-b35b272 e-con-full e-flex e-con e-child\" data-id=\"b35b272\" data-element_type=\"container\" data-e-type=\"container\">\n\t\t\t\t<div class=\"elementor-element elementor-element-ba1e684 elementor-invisible elementor-widget elementor-widget-image\" data-id=\"ba1e684\" data-element_type=\"widget\" data-e-type=\"widget\" data-settings=\"{&quot;_animation&quot;:&quot;fadeInRight&quot;}\" data-widget_type=\"image.default\">\n\t\t\t\t<div class=\"elementor-widget-container\">\n\t\t\t\t\t\t\t\t\t\t\t\t\t\t\t<img decoding=\"async\" width=\"724\" height=\"1024\" src=\"https:\/\/fonadev.com\/wp-content\/uploads\/2025\/07\/Diseno-sin-titulo-19-724x1024.png\" class=\"attachment-large size-large wp-image-2026\" alt=\"\" srcset=\"https:\/\/fonadev.com\/wp-content\/uploads\/2025\/07\/Diseno-sin-titulo-19-724x1024.png 724w, https:\/\/fonadev.com\/wp-content\/uploads\/2025\/07\/Diseno-sin-titulo-19-212x300.png 212w, https:\/\/fonadev.com\/wp-content\/uploads\/2025\/07\/Diseno-sin-titulo-19-768x1086.png 768w, https:\/\/fonadev.com\/wp-content\/uploads\/2025\/07\/Diseno-sin-titulo-19-300x424.png 300w, https:\/\/fonadev.com\/wp-content\/uploads\/2025\/07\/Diseno-sin-titulo-19-600x849.png 600w, https:\/\/fonadev.com\/wp-content\/uploads\/2025\/07\/Diseno-sin-titulo-19.png 794w\" sizes=\"(max-width: 724px) 100vw, 724px\" \/>\t\t\t\t\t\t\t\t\t\t\t\t\t\t\t<\/div>\n\t\t\t\t<\/div>\n\t\t\t\t<\/div>\n\t\t\t\t\t<\/div>\n\t\t\t\t<\/div>\n\t\t\t\t<\/div>\n\t\t","protected":false},"excerpt":{"rendered":"<p>\u00bfQui\u00e9nes somos? En Fonadev somos una empresa nicarag\u00fcense especializada en soluciones tecnol\u00f3gicas integrales, orientadas a brindar un servicio personalizado, confiable y eficiente. Nuestro compromiso es acompa\u00f1ar a cada cliente como un verdadero aliado estrat\u00e9gico, ofreciendo soporte t\u00e9cnico, consultor\u00eda inform\u00e1tica y venta de productos tecnol\u00f3gicos que optimicen sus recursos y potencien su rendimiento. Nos caracterizamos por [&hellip;]<\/p>\n","protected":false},"author":1,"featured_media":0,"parent":0,"menu_order":0,"comment_status":"closed","ping_status":"closed","template":"","meta":{"footnotes":""},"class_list":["post-1039","page","type-page","status-publish","hentry"],"blocksy_meta":{"styles_descriptor":{"styles":{"desktop":"","tablet":"","mobile":""},"google_fonts":[],"version":6}},"_links":{"self":[{"href":"https:\/\/fonadev.com\/index.php?rest_route=\/wp\/v2\/pages\/1039","targetHints":{"allow":["GET"]}}],"collection":[{"href":"https:\/\/fonadev.com\/index.php?rest_route=\/wp\/v2\/pages"}],"about":[{"href":"https:\/\/fonadev.com\/index.php?rest_route=\/wp\/v2\/types\/page"}],"author":[{"embeddable":true,"href":"https:\/\/fonadev.com\/index.php?rest_route=\/wp\/v2\/users\/1"}],"replies":[{"embeddable":true,"href":"https:\/\/fonadev.com\/index.php?rest_route=%2Fwp%2Fv2%2Fcomments&post=1039"}],"version-history":[{"count":42,"href":"https:\/\/fonadev.com\/index.php?rest_route=\/wp\/v2\/pages\/1039\/revisions"}],"predecessor-version":[{"id":2153,"href":"https:\/\/fonadev.com\/index.php?rest_route=\/wp\/v2\/pages\/1039\/revisions\/2153"}],"wp:attachment":[{"href":"https:\/\/fonadev.com\/index.php?rest_route=%2Fwp%2Fv2%2Fmedia&parent=1039"}],"curies":[{"name":"wp","href":"https:\/\/api.w.org\/{rel}","templated":true}]}}